{"id":2540,"date":"2024-09-06T17:16:00","date_gmt":"2024-09-06T16:16:00","guid":{"rendered":"https:\/\/reformasnerja.com\/reformas-locales-comerciales\/"},"modified":"2024-12-03T09:30:27","modified_gmt":"2024-12-03T08:30:27","slug":"renovierungen-von-gewerbeflachen-und-buros-in-nerja","status":"publish","type":"page","link":"https:\/\/reformasnerja.com\/de\/renovierungen-von-gewerbeflachen-und-buros-in-nerja\/","title":{"rendered":"Renovierungen von Gewerbefl\u00e4chen und B\u00fcros in Nerja"},"content":{"rendered":"\n<style type=\"text\/css\" data-created_by=\"avia_inline_auto\" id=\"style-css-av-dc6f46-b8daea3e927616f92461d5d0586e9c7b\">\n.avia-section.av-dc6f46-b8daea3e927616f92461d5d0586e9c7b{\nbackground-repeat:no-repeat;\nbackground-image:url(https:\/\/reformasnerja.com\/wp-content\/uploads\/2017\/06\/locales-comerciales-nerja-opt.jpg);\nbackground-position:50% 50%;\nbackground-attachment:fixed;\n}\n.avia-section.av-dc6f46-b8daea3e927616f92461d5d0586e9c7b .av-section-color-overlay{\nopacity:0.6;\nbackground-color:#000000;\n}\n<\/style>\n<div id='av_section_1'  class='avia-section av-dc6f46-b8daea3e927616f92461d5d0586e9c7b main_color avia-section-large avia-no-border-styling  avia-builder-el-0  el_before_av_one_full  avia-builder-el-first  avia-full-stretch avia-bg-style-fixed av-section-color-overlay-active av-minimum-height av-minimum-height-50 av-height-50  container_wrap fullsize'  data-section-bg-repeat='stretch' data-av_minimum_height_pc='50' data-av_min_height_opt='50'><div class=\"av-section-color-overlay-wrap\"><div class=\"av-section-color-overlay\"><\/div><a href='#next-section' title='' class='scroll-down-link  avia-svg-icon avia-font-svg_entypo-fontello' data-av_svg_icon='down-open-mini' data-av_iconset='svg_entypo-fontello'><svg version=\"1.1\" xmlns=\"http:\/\/www.w3.org\/2000\/svg\" width=\"15\" height=\"32\" viewBox=\"0 0 15 32\" preserveAspectRatio=\"xMidYMid meet\" aria-labelledby='av-svg-title-1' aria-describedby='av-svg-desc-1' role=\"graphics-symbol\" aria-hidden=\"true\">\n<title id='av-svg-title-1'>Scroll to next section<\/title>\n<desc id='av-svg-desc-1'>Scroll to next section<\/desc>\n<path d=\"M12.96 12.16q0.704-0.832 1.536 0 0.832 0.704 0 1.536l-6.272 6.144q-0.704 0.704-1.536 0l-6.272-6.144q-0.832-0.832 0-1.536 0.768-0.768 1.6 0l5.44 4.992z\"><\/path>\n<\/svg><\/a><div class='container av-section-cont-open' ><main  role=\"main\" itemprop=\"mainContentOfPage\"  class='template-page content  av-content-full alpha units'><div class='post-entry post-entry-type-page post-entry-2540'><div class='entry-content-wrapper clearfix'>\n\n<style type=\"text\/css\" data-created_by=\"avia_inline_auto\" id=\"style-css-av-khuxsfpv-f6a1329f2d28ca622f1d18199fd285dd\">\n#top .av-special-heading.av-khuxsfpv-f6a1329f2d28ca622f1d18199fd285dd{\npadding-bottom:0;\ncolor:#ffffff;\nfont-size:42px;\n}\nbody .av-special-heading.av-khuxsfpv-f6a1329f2d28ca622f1d18199fd285dd .av-special-heading-tag .heading-char{\nfont-size:25px;\n}\n#top #wrap_all .av-special-heading.av-khuxsfpv-f6a1329f2d28ca622f1d18199fd285dd .av-special-heading-tag{\nfont-size:42px;\n}\n.av-special-heading.av-khuxsfpv-f6a1329f2d28ca622f1d18199fd285dd .special-heading-inner-border{\nborder-color:#ffffff;\n}\n.av-special-heading.av-khuxsfpv-f6a1329f2d28ca622f1d18199fd285dd .av-subheading{\nfont-size:20px;\n}\n\n@media only screen and (min-width: 480px) and (max-width: 767px){ \n#top #wrap_all .av-special-heading.av-khuxsfpv-f6a1329f2d28ca622f1d18199fd285dd .av-special-heading-tag{\nfont-size:0.8em;\n}\n}\n\n@media only screen and (max-width: 479px){ \n#top #wrap_all .av-special-heading.av-khuxsfpv-f6a1329f2d28ca622f1d18199fd285dd .av-special-heading-tag{\nfont-size:0.8em;\n}\n}\n<\/style>\n<div  class='av-special-heading av-khuxsfpv-f6a1329f2d28ca622f1d18199fd285dd av-special-heading-h1 custom-color-heading blockquote modern-quote modern-centered  avia-builder-el-1  avia-builder-el-no-sibling  av-inherit-size'><h1 class='av-special-heading-tag '  itemprop=\"headline\"  >Renovierungen von Gewerber\u00e4umen und B\u00fcros<\/h1><div class='av_custom_color av-subheading av-subheading_below'><p>Wir arbeiten in Nerja, Frigiliana, Torrox, Torre del Mar, V\u00e9lez-M\u00e1laga und anderen Ortschaften der Region.<\/p>\n<\/div><div class=\"special-heading-border\"><div class=\"special-heading-inner-border\"><\/div><\/div><\/div>\n<\/div><\/div><\/main><!-- close content main element --><\/div><\/div><\/div><div id='after_section_1'  class='main_color av_default_container_wrap container_wrap fullsize'  ><div class='container av-section-cont-open' ><div class='template-page content  av-content-full alpha units'><div class='post-entry post-entry-type-page post-entry-2540'><div class='entry-content-wrapper clearfix'>\n\n<style type=\"text\/css\" data-created_by=\"avia_inline_auto\" id=\"style-css-av-48jpt0-e0018d2e79cc8639707ef5a37e240980\">\n.flex_column.av-48jpt0-e0018d2e79cc8639707ef5a37e240980{\nborder-radius:0px 0px 0px 0px;\npadding:0px 0px 0px 0px;\n}\n<\/style>\n<div  class='flex_column av-48jpt0-e0018d2e79cc8639707ef5a37e240980 av_one_full  avia-builder-el-2  el_after_av_section  el_before_av_one_full  avia-builder-el-first  first flex_column_div av-zero-column-padding  '     ><section  class='av_textblock_section av-3ebwjg-8f490423e06be4cd17428139bf2cc8bd '   itemscope=\"itemscope\" itemtype=\"https:\/\/schema.org\/CreativeWork\" ><div class='avia_textblock'  itemprop=\"text\" ><p>Bei Reformas Nerja sind wir spezialisiert auf die Renovierung von Gewerber\u00e4umen und B\u00fcros. Wir verf\u00fcgen \u00fcber umfangreiche Erfahrung in der Umgestaltung von R\u00e4umen in funktionale und attraktive Umgebungen. Unsere Erfolgsbilanz umfasst zahlreiche erfolgreiche Renovierungen und Dekorationen f\u00fcr renommierte Unternehmen, was uns als Experten in diesem Bereich auszeichnet.<\/p>\n<p><img decoding=\"async\" class=\"alignnone wp-image-3130 size-entry_with_sidebar\" src=\"https:\/\/reformasnerja.com\/wp-content\/uploads\/2024\/10\/locales-comerciales-nerja-opt-845x321.jpg\" alt=\"Reforma de locales comerciales y oficinas en Nerja\" width=\"845\" height=\"321\" \/><\/p>\n<h2>Unsere Dienstleistungen<\/h2>\n<p>Wir bieten ein umfassendes Spektrum an Renovierungsdienstleistungen f\u00fcr Gewerber\u00e4ume und B\u00fcros in Nerja und Umgebung, wobei wir uns an die Bed\u00fcrfnisse jedes Kunden anpassen:<\/p>\n<ul>\n<li><strong>Genehmigungs- und Lizenzmanagement<\/strong>: Wir k\u00fcmmern uns um alle erforderlichen Formalit\u00e4ten, um die Baugenehmigungen zu erhalten, und stellen sicher, dass alle Vorschriften eingehalten werden.<\/li>\n<li><strong>Tischlerarbeiten<\/strong>: Wir arbeiten mit Aluminium und Holz, um die Tischlerarbeiten an die spezifischen Anforderungen Ihres Gewerberaums anzupassen.<\/li>\n<li><strong>Verglasung und Schaufenster<\/strong>: Wir installieren Sicherheitsglas und gestalten attraktive Schaufenster, die die Aufmerksamkeit Ihrer Kunden auf sich ziehen.<\/li>\n<li><strong>Technische Installationen<\/strong>: Unsere Experten f\u00fcr Sanit\u00e4r, Elektrik und Klimaanlagen stellen sicher, dass alle Installationen einwandfrei funktionieren.<\/li>\n<li><strong>M\u00f6bel und Dekoration<\/strong>: Wir schaffen Umgebungen, die die Identit\u00e4t Ihres Unternehmens widerspiegeln, von M\u00f6beln bis hin zu dekorativen Details.<\/li>\n<\/ul>\n<h3>Optimierung und Effizienz<\/h3>\n<p>Wir stellen sicher, dass wir alle typischen Herausforderungen bei einer Renovierung \u00fcberwinden. Wir arbeiten direkt mit unseren Partnern, ohne Subunternehmer, um die h\u00f6chstm\u00f6gliche Qualit\u00e4t zu einem wettbewerbsf\u00e4higen Preis zu garantieren. Zu unseren Dienstleistungen geh\u00f6ren:<\/p>\n<ul>\n<li><strong>Schalld\u00e4mmung<\/strong>: Wir schaffen ruhige, ger\u00e4uschfreie Umgebungen f\u00fcr ein besseres Arbeitserlebnis.<\/li>\n<li><strong>Beleuchtung<\/strong>: Wir entwerfen effiziente und \u00e4sthetische Beleuchtungssysteme.<\/li>\n<li><strong>Doppeldecken und Trockenbau<\/strong>: Wir installieren Doppeldecken und Trockenbau f\u00fcr ein modernes und funktionales Finish.<\/li>\n<li><strong>Bodenbel\u00e4ge und Fliesen<\/strong>: Wir verlegen hochwertige Bodenbel\u00e4ge und Fliesen f\u00fcr ein langlebiges Ergebnis.<\/li>\n<\/ul>\n<h2>Arbeitsprozess<\/h2>\n<ul>\n<li><strong>Erstberatung und Bewertung<\/strong>: Wir f\u00fchren eine detaillierte Inspektion des Gewerberaums oder B\u00fcros durch, h\u00f6ren Ihre Ideen und Bed\u00fcrfnisse an und bewerten die beste Vorgehensweise f\u00fcr die Renovierung.<\/li>\n<li><strong>Design und Planung<\/strong>: Wir entwerfen einen ma\u00dfgeschneiderten Plan, der 3D-Visualisierungen enth\u00e4lt, damit Sie das Endergebnis sehen k\u00f6nnen. Wir definieren Materialien, Oberfl\u00e4chen und alle erforderlichen Details f\u00fcr Ihr Projekt.<\/li>\n<li><strong>Durchf\u00fchrung der Renovierung<\/strong>: Unser professionelles Team \u00fcbernimmt alle Phasen der Renovierung, von der Demontage bis zur finalen Installation, und achtet dabei auf jedes Detail und die Einhaltung der vereinbarten Zeitpl\u00e4ne.<\/li>\n<li><strong>Abschluss und \u00dcbergabe<\/strong>: Nach Abschluss der Renovierung f\u00fchren wir eine gr\u00fcndliche \u00dcberpr\u00fcfung durch, um sicherzustellen, dass alles in perfektem Zustand ist. Wir \u00fcbergeben Ihnen den Raum, bereit f\u00fcr den Einsatz.<\/li>\n<\/ul>\n<h3>Warum wir?<\/h3>\n<ul>\n<li><strong>Lokale Erfahrung<\/strong>: Wir kennen die Bed\u00fcrfnisse des Unternehmenssektors an der Costa del Sol gut, was es uns erm\u00f6glicht, ma\u00dfgeschneiderte L\u00f6sungen anzubieten.<\/li>\n<li><strong>Individuelle Betreuung<\/strong>: Jedes Projekt ist einzigartig, und wir sind bestrebt, die volle Zufriedenheit unserer Kunden sicherzustellen.<\/li>\n<li><strong>Qualit\u00e4tsversprechen<\/strong>: Wir verwenden hochwertige Materialien und garantieren ein makelloses Finish in jedem Detail.<\/li>\n<li><strong>Einhaltung der Fristen<\/strong>: Wir halten die Lieferzeiten ein, damit Ihr Gesch\u00e4ft so schnell wie m\u00f6glich betriebsbereit ist.<\/li>\n<\/ul>\n<h2>Servicegebiete: Nerja, Frigiliana, Torrox, Torre del Mar, V\u00e9lez-M\u00e1laga<\/h2>\n<p>Neben Nerja bieten wir unsere Dienstleistungen auch in den nahegelegenen Orten wie Frigiliana, Torrox, Maro, Torre del Mar, V\u00e9lez-M\u00e1laga und anderen D\u00f6rfern der Region an. Wir kommen \u00fcberall dorthin, wo es n\u00f6tig ist, um Ihnen stets einen qualitativ hochwertigen und individuellen Service zu bieten.<\/p>\n<\/div><\/section><\/div>\n\n<style type=\"text\/css\" data-created_by=\"avia_inline_auto\" id=\"style-css-av-2auqi4-bfc27f913fcbc47e415fccc57612503a\">\n#top .flex_column.av-2auqi4-bfc27f913fcbc47e415fccc57612503a{\nmargin-top:15px;\nmargin-bottom:0px;\n}\n.responsive #top #wrap_all .flex_column.av-2auqi4-bfc27f913fcbc47e415fccc57612503a{\nmargin-top:15px;\nmargin-bottom:0px;\n}\n<\/style>\n<div  class='flex_column av-2auqi4-bfc27f913fcbc47e415fccc57612503a av_one_full  avia-builder-el-4  el_after_av_one_full  el_before_av_hr  first flex_column_div  column-top-margin'     ><p><br \/>\n\n<style type=\"text\/css\" data-created_by=\"avia_inline_auto\" id=\"style-css-av-m2iolbf5-c295159f91b4e26c184fc6b7660263d6\">\n#top .hr.hr-invisible.av-m2iolbf5-c295159f91b4e26c184fc6b7660263d6{\nheight:300px;\n}\n<\/style>\n<div  class='hr av-m2iolbf5-c295159f91b4e26c184fc6b7660263d6 hr-invisible  avia-builder-el-6  el_after_av_codeblock  avia-builder-el-last '><span class='hr-inner '><span class=\"hr-inner-style\"><\/span><\/span><\/div><\/p><\/div>\n<div  class='hr av-m2iomjxs-2795311766643bb913164307f300e3c4 hr-default  avia-builder-el-7  el_after_av_one_full  el_before_av_hr '><span class='hr-inner '><span class=\"hr-inner-style\"><\/span><\/span><\/div>\n\n<style type=\"text\/css\" data-created_by=\"avia_inline_auto\" id=\"style-css-av-m2iombr9-e1dba5c389fda89214799eba83197de2\">\n#top .hr.hr-invisible.av-m2iombr9-e1dba5c389fda89214799eba83197de2{\nheight:5px;\n}\n<\/style>\n<div  class='hr av-m2iombr9-e1dba5c389fda89214799eba83197de2 hr-invisible  avia-builder-el-8  el_after_av_hr  el_before_av_codeblock '><span class='hr-inner '><span class=\"hr-inner-style\"><\/span><\/span><\/div>\n\n","protected":false},"excerpt":{"rendered":"","protected":false},"author":3,"featured_media":3130,"parent":0,"menu_order":0,"comment_status":"closed","ping_status":"closed","template":"","meta":{"_seopress_robots_primary_cat":"","_seopress_titles_title":"Renovierungen von Gewerbefl\u00e4chen und B\u00fcros in Nerja","_seopress_titles_desc":"Renovierungen von Gewerbefl\u00e4chen und B\u00fcros in Nerja und Umgebung \u261d Schallschutz, Beleuchtung, Trockenbau, Klimaanlagen, B\u00fcrom\u00f6bel.","_seopress_robots_index":"","footnotes":""},"class_list":["post-2540","page","type-page","status-publish","has-post-thumbnail","hentry"],"_links":{"self":[{"href":"https:\/\/reformasnerja.com\/de\/wp-json\/wp\/v2\/pages\/2540","targetHints":{"allow":["GET"]}}],"collection":[{"href":"https:\/\/reformasnerja.com\/de\/wp-json\/wp\/v2\/pages"}],"about":[{"href":"https:\/\/reformasnerja.com\/de\/wp-json\/wp\/v2\/types\/page"}],"author":[{"embeddable":true,"href":"https:\/\/reformasnerja.com\/de\/wp-json\/wp\/v2\/users\/3"}],"replies":[{"embeddable":true,"href":"https:\/\/reformasnerja.com\/de\/wp-json\/wp\/v2\/comments?post=2540"}],"version-history":[{"count":15,"href":"https:\/\/reformasnerja.com\/de\/wp-json\/wp\/v2\/pages\/2540\/revisions"}],"predecessor-version":[{"id":3916,"href":"https:\/\/reformasnerja.com\/de\/wp-json\/wp\/v2\/pages\/2540\/revisions\/3916"}],"wp:featuredmedia":[{"embeddable":true,"href":"https:\/\/reformasnerja.com\/de\/wp-json\/wp\/v2\/media\/3130"}],"wp:attachment":[{"href":"https:\/\/reformasnerja.com\/de\/wp-json\/wp\/v2\/media?parent=2540"}],"curies":[{"name":"wp","href":"https:\/\/api.w.org\/{rel}","templated":true}]}}