{"id":2517,"date":"2024-09-06T10:00:00","date_gmt":"2024-09-06T09:00:00","guid":{"rendered":"https:\/\/reformasnerja.com\/contacto\/"},"modified":"2024-12-15T21:31:15","modified_gmt":"2024-12-15T20:31:15","slug":"kontakt","status":"publish","type":"page","link":"https:\/\/reformasnerja.com\/de\/kontakt\/","title":{"rendered":"Kontakt"},"content":{"rendered":"\n<style type=\"text\/css\" data-created_by=\"avia_inline_auto\" id=\"style-css-av-brelz-aaf3f0b914fa7553e573792fa15faf7a\">\n.avia-section.av-brelz-aaf3f0b914fa7553e573792fa15faf7a{\nbackground-repeat:no-repeat;\nbackground-image:url(https:\/\/reformasnerja.com\/wp-content\/uploads\/2017\/06\/contacto-reformas-nerja-1.jpg);\nbackground-position:0% 0%;\nbackground-attachment:scroll;\nmargin-top:0px;\nmargin-bottom:50px;\n}\n<\/style>\n<div id='av_section_1'  class='avia-section av-brelz-aaf3f0b914fa7553e573792fa15faf7a main_color avia-section-large avia-no-shadow  avia-builder-el-0  avia-builder-el-no-sibling  avia-full-stretch avia-bg-style-scroll container_wrap fullsize'  data-section-bg-repeat='stretch'><div class='container av-section-cont-open' ><main  role=\"main\" itemprop=\"mainContentOfPage\"  class='template-page content  av-content-full alpha units'><div class='post-entry post-entry-type-page post-entry-2517'><div class='entry-content-wrapper clearfix'>\n\n<style type=\"text\/css\" data-created_by=\"avia_inline_auto\" id=\"style-css-av-b0dm7-a39cb7bd82c15d1890715b697255ce8f\">\n.flex_column.av-b0dm7-a39cb7bd82c15d1890715b697255ce8f{\nborder-radius:0px 0px 0px 0px;\npadding:0px 0px 0px 0px;\n}\n<\/style>\n<div  class='flex_column av-b0dm7-a39cb7bd82c15d1890715b697255ce8f av_two_third  avia-builder-el-1  el_before_av_one_third  avia-builder-el-first  first flex_column_div av-animated-generic bottom-to-top av-zero-column-padding  '     ><p>\n<style type=\"text\/css\" data-created_by=\"avia_inline_auto\" id=\"style-css-av-k7344p6h-7d9dad0ff015a3e392b33ebcf0f5ff69\">\n#top .av-special-heading.av-k7344p6h-7d9dad0ff015a3e392b33ebcf0f5ff69{\npadding-bottom:0;\ncolor:#ffffff;\n}\nbody .av-special-heading.av-k7344p6h-7d9dad0ff015a3e392b33ebcf0f5ff69 .av-special-heading-tag .heading-char{\nfont-size:25px;\n}\n.av-special-heading.av-k7344p6h-7d9dad0ff015a3e392b33ebcf0f5ff69 .special-heading-inner-border{\nborder-color:#ffffff;\n}\n.av-special-heading.av-k7344p6h-7d9dad0ff015a3e392b33ebcf0f5ff69 .av-subheading{\nfont-size:15px;\n}\n<\/style>\n<div  class='av-special-heading av-k7344p6h-7d9dad0ff015a3e392b33ebcf0f5ff69 av-special-heading-h3 custom-color-heading blockquote modern-quote  avia-builder-el-2  el_before_av_hr  avia-builder-el-first '><h3 class='av-special-heading-tag '  itemprop=\"headline\"  >Kontakt<\/h3><div class=\"special-heading-border\"><div class=\"special-heading-inner-border\"><\/div><\/div><\/div><br \/>\n\n<style type=\"text\/css\" data-created_by=\"avia_inline_auto\" id=\"style-css-av-9sn5n-f6915a2c23805f34aeeb1fb38f91865c\">\n#top .hr.av-9sn5n-f6915a2c23805f34aeeb1fb38f91865c{\nmargin-top:10px;\nmargin-bottom:10px;\n}\n.hr.av-9sn5n-f6915a2c23805f34aeeb1fb38f91865c .hr-inner{\nwidth:50px;\nborder-color:#efbb20;\n}\n<\/style>\n<div  class='hr av-9sn5n-f6915a2c23805f34aeeb1fb38f91865c hr-custom  avia-builder-el-3  el_after_av_heading  el_before_av_contact  hr-left hr-icon-no'><span class='hr-inner inner-border-av-border-fat'><span class=\"hr-inner-style\"><\/span><\/span><\/div><br \/>\n<form action=\"https:\/\/reformasnerja.com\/de\/kontakt\/\" method=\"post\" data-fields-with-error=\"Fehler wurden in folgenden Feld(ern) gefunden:\" class=\"avia_ajax_form av-form-labels-visible   avia-builder-el-4  el_after_av_hr  avia-builder-el-last   \" data-avia-form-id=\"1\" data-avia-redirect='' ><fieldset><p class='  first_form  form_element form_element_half' id='element_avia_1_1'><label for=\"avia_1_1\">Name <abbr class=\"required\" title=\"ben\u00f6tigt\">*<\/abbr><\/label> <input name=\"avia_1_1\" class=\"text_input is_empty\" type=\"text\" id=\"avia_1_1\" value=\"\" \/><\/p><p class='  form_element form_element_half' id='element_avia_2_1'><label for=\"avia_2_1\">E-Mail <abbr class=\"required\" title=\"ben\u00f6tigt\">*<\/abbr><\/label> <input name=\"avia_2_1\" class=\"text_input is_email\" type=\"text\" id=\"avia_2_1\" value=\"\" \/><\/p><p class='  first_form  form_element form_element_half' id='element_avia_3_1'><label for=\"avia_3_1\">Betreff <abbr class=\"required\" title=\"ben\u00f6tigt\">*<\/abbr><\/label><select  name=\"avia_3_1\" class=\"select is_empty\" id=\"avia_3_1\"><option   value='Renovierungen von H\u00e4usern'>Renovierungen von H\u00e4usern<\/option><option   value='K\u00fcchenrenovierungen'>K\u00fcchenrenovierungen<\/option><option   value='Badezimmerrenovierungen'>Badezimmerrenovierungen<\/option><option   value='Renovierungen von Gesch\u00e4ftsr\u00e4umen'>Renovierungen von Gesch\u00e4ftsr\u00e4umen<\/option><option   value='Fassadenrenovierungen'>Fassadenrenovierungen<\/option><option   value='Sonstiges'>Sonstiges<\/option><\/select><\/p><p class='  form_element form_element_half' id='element_avia_4_1'><label for=\"avia_4_1\">Telefon <abbr class=\"required\" title=\"ben\u00f6tigt\">*<\/abbr><\/label> <input name=\"avia_4_1\" class=\"text_input is_empty\" type=\"text\" id=\"avia_4_1\" value=\"\" \/><\/p><p class='  first_form  form_element form_fullwidth' id='element_avia_5_1'><label for=\"avia_5_1\" class=\"textare_label hidden textare_label_avia_5_1\">Nachricht <abbr class=\"required\" title=\"ben\u00f6tigt\">*<\/abbr><\/label><textarea  name=\"avia_5_1\" class=\"text_area is_empty\" cols=\"40\" rows=\"7\" id=\"avia_5_1\" ><\/textarea><\/p><p class='  first_form  form_element form_fullwidth' id='element_avia_6_1'><input  name=\"avia_6_1\" class=\"input_checkbox is_empty\" type=\"checkbox\" id=\"avia_6_1\" value=\"true\"\/><label class=\"input_checkbox_label\" for=\"avia_6_1\">Ich habe die <a href=\"https:\/\/reformasnerja.com\/politica-de-privacidad\/\">Datenschutzerkl\u00e4rung<\/a> gelesen und akzeptiere sie. <abbr class=\"required\" title=\"ben\u00f6tigt\">*<\/abbr><\/label><\/p><p class=\"hidden\"><input type=\"text\" name=\"avia_7_1\" class=\"hidden \" id=\"avia_7_1\" value=\"\" \/><\/p><p class='   form_element form_fullwidth' id='element_avia_8_1'><span class='value_verifier_label'>0 + 8 = ?<\/span><input name=\"avia_8_1_verifier\" type=\"hidden\" id=\"avia_8_1_verifier\" value=\"237647876\"\/><label for=\"avia_8_1\">Bitte l\u00f6se die Gleichung. Diese Ma\u00dfnahme dient der Abwehr von Spam <abbr class=\"required\" title=\"ben\u00f6tigt\">*<\/abbr><\/label><input name=\"avia_8_1\" class=\"text_input captcha\" type=\"text\" id=\"avia_8_1\" value=\"\"\/><\/p><p class=\"form_element \"><input type=\"hidden\" value=\"1\" name=\"avia_generated_form1\" \/><input type=\"submit\" value=\"Senden\" class=\"button\"  data-sending-label=\"Sende\"\/><\/p><\/fieldset><\/form><div id=\"ajaxresponse_1\" class=\"ajaxresponse ajaxresponse_1 hidden\"><\/div><\/p><\/div>\n<style type=\"text\/css\" data-created_by=\"avia_inline_auto\" id=\"style-css-av-5co1v-95835eee1ec9f71c9e4e8c1b8fd8bfc9\">\n.flex_column.av-5co1v-95835eee1ec9f71c9e4e8c1b8fd8bfc9{\nborder-radius:0px 0px 0px 0px;\npadding:0px 0px 0px 0px;\n}\n<\/style>\n<div  class='flex_column av-5co1v-95835eee1ec9f71c9e4e8c1b8fd8bfc9 av_one_third  avia-builder-el-5  el_after_av_two_third  avia-builder-el-last  flex_column_div av-animated-generic bottom-to-top av-zero-column-padding  '     ><p>\n<style type=\"text\/css\" data-created_by=\"avia_inline_auto\" id=\"style-css-av-uqt3-07f068455a059d51a69abdd36eab377a\">\n#top .av-special-heading.av-uqt3-07f068455a059d51a69abdd36eab377a{\npadding-bottom:0;\ncolor:#ffffff;\n}\nbody .av-special-heading.av-uqt3-07f068455a059d51a69abdd36eab377a .av-special-heading-tag .heading-char{\nfont-size:25px;\n}\n.av-special-heading.av-uqt3-07f068455a059d51a69abdd36eab377a .special-heading-inner-border{\nborder-color:#ffffff;\n}\n.av-special-heading.av-uqt3-07f068455a059d51a69abdd36eab377a .av-subheading{\nfont-size:15px;\n}\n<\/style>\n<div  class='av-special-heading av-uqt3-07f068455a059d51a69abdd36eab377a av-special-heading-h3 custom-color-heading blockquote modern-quote  avia-builder-el-6  el_before_av_hr  avia-builder-el-first '><h3 class='av-special-heading-tag '  itemprop=\"headline\"  >Weitere Kontaktm\u00f6glichkeiten<\/h3><div class=\"special-heading-border\"><div class=\"special-heading-inner-border\"><\/div><\/div><\/div><br \/>\n\n<style type=\"text\/css\" data-created_by=\"avia_inline_auto\" id=\"style-css-av-408dn-0721d9baeb06add95630bb874383202d\">\n#top .hr.av-408dn-0721d9baeb06add95630bb874383202d{\nmargin-top:10px;\nmargin-bottom:10px;\n}\n.hr.av-408dn-0721d9baeb06add95630bb874383202d .hr-inner{\nwidth:50px;\nborder-color:#efbb20;\n}\n<\/style>\n<div  class='hr av-408dn-0721d9baeb06add95630bb874383202d hr-custom  avia-builder-el-7  el_after_av_heading  el_before_av_textblock  hr-left hr-icon-no'><span class='hr-inner inner-border-av-border-fat'><span class=\"hr-inner-style\"><\/span><\/span><\/div><br \/>\n<section  class='av_textblock_section av-3eqm3-5b9fba5635890fc65b739316ddb7cca8 '   itemscope=\"itemscope\" itemtype=\"https:\/\/schema.org\/CreativeWork\" ><div class='avia_textblock'  itemprop=\"text\" ><p>F\u00fchl dich frei, uns zu kontaktieren; wir freuen uns darauf, dir behilflich zu sein.<\/p>\n<p>\n<style type=\"text\/css\" data-created_by=\"avia_inline_auto\" id=\"style-css-av-9293-6f6263ddefc57367505bd6ad4f889572\">\n.av_font_icon.av-9293-6f6263ddefc57367505bd6ad4f889572 .av-icon-char{\nfont-size:18px;\nline-height:18px;\n}\n<\/style>\n<span  class='av_font_icon av-9293-6f6263ddefc57367505bd6ad4f889572 avia_animate_when_visible av-icon-style- avia-icon-pos-left avia-iconfont avia-font-entypo-fontello av-no-color avia-icon-animate'><span class='av-icon-char' data-av_icon='\ue854' data-av_iconfont='entypo-fontello' aria-hidden=\"true\" ><\/span><\/span> <a href=\"tel:+34645191935\">+34 645 191 935<\/a><\/p>\n<p>\n<style type=\"text\/css\" data-created_by=\"avia_inline_auto\" id=\"style-css-av-1ykwv-7bd91135692af27a5f338a973df03b14\">\n.av_font_icon.av-1ykwv-7bd91135692af27a5f338a973df03b14 .av-icon-char{\nfont-size:18px;\nline-height:18px;\n}\n<\/style>\n<span  class='av_font_icon av-1ykwv-7bd91135692af27a5f338a973df03b14 avia_animate_when_visible av-icon-style- avia-icon-pos-left avia-iconfont avia-font-entypo-fontello av-no-color avia-icon-animate'><span class='av-icon-char' data-av_icon='\ue805' data-av_iconfont='entypo-fontello' aria-hidden=\"true\" ><\/span><\/span> <a href=\"mailto:info@reformasnerja.com\">info@reformasnerja.com<\/a><\/p>\n<\/div><\/section><br \/>\n\n<style type=\"text\/css\" data-created_by=\"avia_inline_auto\" id=\"style-css-av-1nclb-ac72b32b41c91c26b9e628fdfa02aedd\">\n#top .hr.av-1nclb-ac72b32b41c91c26b9e628fdfa02aedd{\nmargin-top:10px;\nmargin-bottom:10px;\n}\n.hr.av-1nclb-ac72b32b41c91c26b9e628fdfa02aedd .hr-inner{\nwidth:50px;\nborder-color:#efbb20;\n}\n<\/style>\n<div  class='hr av-1nclb-ac72b32b41c91c26b9e628fdfa02aedd hr-custom  avia-builder-el-11  el_after_av_textblock  el_before_av_textblock  hr-left hr-icon-no'><span class='hr-inner inner-border-av-border-fat'><span class=\"hr-inner-style\"><\/span><\/span><\/div><br \/>\n<section  class='av_textblock_section av-nxfr-104d495bf3a416692335ca0edbf56241 '   itemscope=\"itemscope\" itemtype=\"https:\/\/schema.org\/CreativeWork\" ><div class='avia_textblock'  itemprop=\"text\" ><p><strong>Adresse<\/strong><br \/>\nC\/ Parras 47<br \/>\n29780 Nerja (M\u00e1laga)<\/p>\n<p><strong>\u00d6ffnungszeiten:<\/strong><br \/>\nMo-Fr: 10:00-19:00<br \/>\nSa: Geschlossen<br \/>\nSo: Geschlossen<\/p>\n<\/div><\/section><\/p><\/div>\n","protected":false},"excerpt":{"rendered":"","protected":false},"author":3,"featured_media":0,"parent":0,"menu_order":0,"comment_status":"closed","ping_status":"closed","template":"","meta":{"_seopress_robots_primary_cat":"","_seopress_titles_title":"","_seopress_titles_desc":"","_seopress_robots_index":"","footnotes":""},"class_list":["post-2517","page","type-page","status-publish","hentry"],"_links":{"self":[{"href":"https:\/\/reformasnerja.com\/de\/wp-json\/wp\/v2\/pages\/2517","targetHints":{"allow":["GET"]}}],"collection":[{"href":"https:\/\/reformasnerja.com\/de\/wp-json\/wp\/v2\/pages"}],"about":[{"href":"https:\/\/reformasnerja.com\/de\/wp-json\/wp\/v2\/types\/page"}],"author":[{"embeddable":true,"href":"https:\/\/reformasnerja.com\/de\/wp-json\/wp\/v2\/users\/3"}],"replies":[{"embeddable":true,"href":"https:\/\/reformasnerja.com\/de\/wp-json\/wp\/v2\/comments?post=2517"}],"version-history":[{"count":7,"href":"https:\/\/reformasnerja.com\/de\/wp-json\/wp\/v2\/pages\/2517\/revisions"}],"predecessor-version":[{"id":4592,"href":"https:\/\/reformasnerja.com\/de\/wp-json\/wp\/v2\/pages\/2517\/revisions\/4592"}],"wp:attachment":[{"href":"https:\/\/reformasnerja.com\/de\/wp-json\/wp\/v2\/media?parent=2517"}],"curies":[{"name":"wp","href":"https:\/\/api.w.org\/{rel}","templated":true}]}}